{"id":1538,"date":"2018-10-04T12:10:13","date_gmt":"2018-10-04T12:10:13","guid":{"rendered":"http:\/\/moze.hr\/hvala-kviz\/"},"modified":"2020-10-17T09:05:15","modified_gmt":"2020-10-17T09:05:15","slug":"thank-you-quiz","status":"publish","type":"page","link":"https:\/\/moze.hr\/en\/thank-you-quiz\/","title":{"rendered":"Thank you quiz"},"content":{"rendered":"<div class=\"wpb-content-wrapper\"><p>[vc_row][vc_column][lab_heading title=&#8221;Hvala \u0161to ste ispunili na\u0161 kviz. Uskoro \u0107emo vam se javiti sa savjetima.&#8221;]Pogledajte na\u0161 edukativni blog<br \/>\nPro\u010ditajte vi\u0161e o grafi\u010dkom dizajnu[\/lab_heading][lab_button title=&#8221;Blog&#8221; type=&#8221;standard&#8221; link=&#8221;url:%2Fblog%2F|title:Blog|&#8221;][\/vc_column][\/vc_row]<\/p>\n<\/div>","protected":false},"excerpt":{"rendered":"<p>[vc_row][vc_column][lab_heading title=&#8221;Hvala \u0161to ste ispunili na\u0161 kviz. Uskoro \u0107emo vam se javiti sa savjetima.&#8221;]Pogledajte na\u0161 edukativni blog Pro\u010ditajte vi\u0161e o grafi\u010dkom dizajnu[\/lab_heading][lab_button title=&#8221;Blog&#8221; type=&#8221;standard&#8221; link=&#8221;url:%2Fblog%2F|title:Blog|&#8221;][\/vc_column][\/vc_row]<\/p>\n","protected":false},"author":2,"featured_media":0,"parent":0,"menu_order":0,"comment_status":"closed","ping_status":"closed","template":"","meta":{"_acf_changed":false,"footnotes":""},"class_list":["post-1538","page","type-page","status-publish","hentry"],"acf":[],"_links":{"self":[{"href":"https:\/\/moze.hr\/en\/wp-json\/wp\/v2\/pages\/1538","targetHints":{"allow":["GET"]}}],"collection":[{"href":"https:\/\/moze.hr\/en\/wp-json\/wp\/v2\/pages"}],"about":[{"href":"https:\/\/moze.hr\/en\/wp-json\/wp\/v2\/types\/page"}],"author":[{"embeddable":true,"href":"https:\/\/moze.hr\/en\/wp-json\/wp\/v2\/users\/2"}],"replies":[{"embeddable":true,"href":"https:\/\/moze.hr\/en\/wp-json\/wp\/v2\/comments?post=1538"}],"version-history":[{"count":4,"href":"https:\/\/moze.hr\/en\/wp-json\/wp\/v2\/pages\/1538\/revisions"}],"predecessor-version":[{"id":4053,"href":"https:\/\/moze.hr\/en\/wp-json\/wp\/v2\/pages\/1538\/revisions\/4053"}],"wp:attachment":[{"href":"https:\/\/moze.hr\/en\/wp-json\/wp\/v2\/media?parent=1538"}],"curies":[{"name":"wp","href":"https:\/\/api.w.org\/{rel}","templated":true}]}}